{"id":1944,"date":"2023-07-04T15:44:23","date_gmt":"2023-07-04T20:44:23","guid":{"rendered":"https:\/\/gromasa.com\/?page_id=1944"},"modified":"2023-07-04T15:45:29","modified_gmt":"2023-07-04T20:45:29","slug":"uber-gromasa","status":"publish","type":"page","link":"https:\/\/gromasa.com\/de\/about-gromasa\/","title":{"rendered":"\u00dcber Gromasa"},"content":{"rendered":"<div class=\"gb-container gb-container-8c613c29\">\n<div class=\"gb-container gb-container-25dff86c\">\n<div class=\"gb-grid-wrapper gb-grid-wrapper-d46c499a\">\n<div class=\"gb-grid-column gb-grid-column-0306784c\"><div class=\"gb-container gb-container-0306784c\">\n\n<h1 class=\"gb-headline gb-headline-3149451f gb-headline-text\">\u00dcber Gromasa<\/h1>\n\n\n<div class=\"gb-container gb-container-752a75d1\"><\/div>\n<\/div><\/div>\n<\/div>\n\n\n<p><\/p>\n\n<\/div>\n<\/div>\n\n<div class=\"gb-container gb-container-2fcf1e9b\">\n<div class=\"gb-container gb-container-0fc76a13\">\n<div class=\"gb-grid-wrapper gb-grid-wrapper-786b4b59\">\n<div class=\"gb-grid-column gb-grid-column-e526b0f2\"><div class=\"gb-container gb-container-e526b0f2\">\n<div class=\"gb-container gb-container-2adcd5b1\"><\/div>\n<\/div><\/div>\n\n<div class=\"gb-grid-column gb-grid-column-45d2d773\"><div class=\"gb-container gb-container-45d2d773\">\n\n<h2 class=\"gb-headline gb-headline-fd0beabf gb-headline-text\">Schnell, gewaltt\u00e4tig, Hinrichtung<\/h2>\n\n\n\n<p>Gromasa ist ein f\u00fchrendes Beratungsunternehmen f\u00fcr digitales Marketing, das sich auf die F\u00f6rderung des Unternehmenswachstums spezialisiert hat. Mit unserem Fokus auf Qualit\u00e4t und Kundenservice haben wir uns als zuverl\u00e4ssiger Partner f\u00fcr Unternehmen etabliert, die ihre n\u00e4chsten Schritte in Richtung Erfolg machen wollen.<\/p>\n\n\n\n<p>Unser Expertenteam verf\u00fcgt \u00fcber einen reichen Erfahrungsschatz in den Bereichen Vertrieb, Marketing und Unternehmensstrategie, der es uns erm\u00f6glicht, umfassende Wachstumspl\u00e4ne zu entwickeln, die auf die individuellen Bed\u00fcrfnisse und Ziele unserer Kunden zugeschnitten sind.<\/p>\n\n<\/div><\/div>\n<\/div>\n<\/div>\n<\/div>\n\n<div class=\"gb-container gb-container-4fff0528\">\n<div class=\"gb-container gb-container-5389ac4e\">\n<div class=\"gb-grid-wrapper gb-grid-wrapper-17a69d59\">\n<div class=\"gb-grid-column gb-grid-column-81ca453d\"><div class=\"gb-container gb-container-81ca453d\">\n<div class=\"gb-container gb-container-95dcc31b\">\n<div class=\"gb-container gb-container-94c1c7ac\">\n\n<a class=\"gb-button gb-button-1fe54ac0\" href=\"https:\/\/gromasa.com\/case-studies\/job-board\/\" target=\"_blank\" rel=\"noopener noreferrer\"><span class=\"gb-icon\"><svg aria-hidden=\"true\" role=\"img\" height=\"1em\" width=\"1em\" viewbox=\"0 0 256 512\" xmlns=\"http:\/\/www.w3.org\/2000\/svg\"><path fill=\"currentColor\" d=\"M224.3 273l-136 136c-9.4 9.4-24.6 9.4-33.9 0l-22.6-22.6c-9.4-9.4-9.4-24.6 0-33.9l96.4-96.4-96.4-96.4c-9.4-9.4-9.4-24.6 0-33.9L54.3 103c9.4-9.4 24.6-9.4 33.9 0l136 136c9.5 9.4 9.5 24.6.1 34z\"><\/path><\/svg><\/span><span class=\"gb-button-text\">Mehr lesen<\/span><\/a>\n\n<\/div>\n<\/div>\n\n\n<p class=\"gb-headline gb-headline-72fd96a4 gb-headline-text\"><a href=\"https:\/\/gromasa.com\/case-studies\/job-board\/\">Hoher organischer Verkehr f\u00fcr die Jobb\u00f6rse (150.000 Besucher in den ersten 2 Jahren)<\/a><\/p>\n\n<\/div><\/div>\n\n<div class=\"gb-grid-column gb-grid-column-a74e8b85\"><div class=\"gb-container gb-container-a74e8b85\">\n\n<h6 class=\"gb-headline gb-headline-f462ba69 gb-headline-text\">Unser Ansatz<\/h6>\n\n\n\n<h2 class=\"gb-headline gb-headline-63f6c7ab gb-headline-text\">Warum Gromasa w\u00e4hlen?<\/h2>\n\n\n\n<p><strong>Qualit\u00e4t und Kundendienst<\/strong>: Wir legen gro\u00dfen Wert auf qualitativ hochwertige Dienstleistungen und einen au\u00dfergew\u00f6hnlichen Kundenservice. Unser engagiertes Team geht weit dar\u00fcber hinaus, um sicherzustellen, dass unsere Kunden w\u00e4hrend ihrer gesamten Reise mit uns die gr\u00f6\u00dftm\u00f6gliche Aufmerksamkeit, Unterst\u00fctzung und Zufriedenheit erhalten.<\/p>\n\n\n\n<p><strong>Ma\u00dfgeschneiderte Wachstumspl\u00e4ne<\/strong>: Wir wissen, dass jedes Unternehmen seine eigenen Ziele und Herausforderungen hat. Deshalb arbeiten wir eng mit unseren Kunden zusammen, um ma\u00dfgeschneiderte Wachstumspl\u00e4ne zu entwickeln, die ihren Bed\u00fcrfnissen entsprechen. Unter Ber\u00fccksichtigung Ihrer Branche, Ihres Zielmarktes und Ihrer Ziele entwickeln wir effektive Strategien, die auf Ihre Vision abgestimmt sind.<\/p>\n\n\n\n<p><strong>Erfahrung und Fachwissen<\/strong>: Unser Team besteht aus erfahrenen Fachleuten mit umfassender Erfahrung in den Bereichen Vertrieb, Marketing und Gesch\u00e4ftsstrategie. Wir nutzen unser Wissen und unsere Einblicke, um Ihnen wertvolle Ratschl\u00e4ge zu geben und wirksame Strategien umzusetzen, die Ihrem Unternehmen zu greifbaren Ergebnissen verhelfen.<\/p>\n\n<\/div><\/div>\n<\/div>\n<\/div>\n<\/div>","protected":false},"excerpt":{"rendered":"","protected":false},"author":1,"featured_media":127,"parent":0,"menu_order":0,"comment_status":"closed","ping_status":"closed","template":"","meta":{"footnotes":""},"class_list":{"0":"post-1944","1":"page","2":"type-page","3":"status-publish","4":"has-post-thumbnail","6":"no-featured-image-padding"},"aioseo_notices":[],"_links":{"self":[{"href":"https:\/\/gromasa.com\/de\/wp-json\/wp\/v2\/pages\/1944","targetHints":{"allow":["GET"]}}],"collection":[{"href":"https:\/\/gromasa.com\/de\/wp-json\/wp\/v2\/pages"}],"about":[{"href":"https:\/\/gromasa.com\/de\/wp-json\/wp\/v2\/types\/page"}],"author":[{"embeddable":true,"href":"https:\/\/gromasa.com\/de\/wp-json\/wp\/v2\/users\/1"}],"replies":[{"embeddable":true,"href":"https:\/\/gromasa.com\/de\/wp-json\/wp\/v2\/comments?post=1944"}],"version-history":[{"count":6,"href":"https:\/\/gromasa.com\/de\/wp-json\/wp\/v2\/pages\/1944\/revisions"}],"predecessor-version":[{"id":19306,"href":"https:\/\/gromasa.com\/de\/wp-json\/wp\/v2\/pages\/1944\/revisions\/19306"}],"wp:featuredmedia":[{"embeddable":true,"href":"https:\/\/gromasa.com\/de\/wp-json\/wp\/v2\/media\/127"}],"wp:attachment":[{"href":"https:\/\/gromasa.com\/de\/wp-json\/wp\/v2\/media?parent=1944"}],"curies":[{"name":"wp","href":"https:\/\/api.w.org\/{rel}","templated":true}]}}